{"id":209,"date":"2023-09-08T16:26:35","date_gmt":"2023-09-08T16:26:35","guid":{"rendered":"https:\/\/asda-swiss.ch\/?page_id=209"},"modified":"2024-02-06T13:13:00","modified_gmt":"2024-02-06T13:13:00","slug":"faq","status":"publish","type":"page","link":"https:\/\/asda-swiss.ch\/fr\/faq\/","title":{"rendered":"FAQ"},"content":{"rendered":"\t\t<div data-elementor-type=\"wp-page\" data-elementor-id=\"209\" class=\"elementor elementor-209\">\n\t\t\t\t\t\t\t\t\t<section class=\"elementor-section elementor-top-section elementor-element elementor-element-fec5a57 elementor-section-height-min-height elementor-section-boxed elementor-section-height-default elementor-section-items-middle\" data-id=\"fec5a57\" data-element_type=\"section\" data-settings=\"{&quot;background_background&quot;:&quot;classic&quot;,&quot;background_motion_fx_opacity_effect&quot;:&quot;yes&quot;,&quot;background_motion_fx_opacity_range&quot;:{&quot;unit&quot;:&quot;%&quot;,&quot;size&quot;:&quot;&quot;,&quot;sizes&quot;:{&quot;start&quot;:&quot;51&quot;,&quot;end&quot;:&quot;76&quot;}},&quot;background_motion_fx_motion_fx_scrolling&quot;:&quot;yes&quot;,&quot;background_motion_fx_opacity_direction&quot;:&quot;in-out&quot;,&quot;background_motion_fx_opacity_level&quot;:{&quot;unit&quot;:&quot;px&quot;,&quot;size&quot;:10,&quot;sizes&quot;:[]},&quot;background_motion_fx_devices&quot;:[&quot;desktop&quot;,&quot;tablet&quot;,&quot;mobile&quot;]}\">\n\t\t\t\t\t\t\t<div class=\"elementor-background-overlay\"><\/div>\n\t\t\t\t\t\t\t<div class=\"elementor-container elementor-column-gap-default\">\n\t\t\t\t\t<div class=\"elementor-column elementor-col-100 elementor-top-column elementor-element elementor-element-326ffd7\" data-id=\"326ffd7\" data-element_type=\"column\">\n\t\t\t<div class=\"elementor-widget-wrap elementor-element-populated\">\n\t\t\t\t\t\t\t\t<div class=\"elementor-element elementor-element-dbd0942 elementor-widget elementor-widget-heading\" data-id=\"dbd0942\" data-element_type=\"widget\" data-widget_type=\"heading.default\">\n\t\t\t\t<div class=\"elementor-widget-container\">\n\t\t\t<style>\/*! elementor - v3.15.0 - 20-08-2023 *\/\n.elementor-heading-title{padding:0;margin:0;line-height:1}.elementor-widget-heading .elementor-heading-title[class*=elementor-size-]>a{color:inherit;font-size:inherit;line-height:inherit}.elementor-widget-heading .elementor-heading-title.elementor-size-small{font-size:15px}.elementor-widget-heading .elementor-heading-title.elementor-size-medium{font-size:19px}.elementor-widget-heading .elementor-heading-title.elementor-size-large{font-size:29px}.elementor-widget-heading .elementor-heading-title.elementor-size-xl{font-size:39px}.elementor-widget-heading .elementor-heading-title.elementor-size-xxl{font-size:59px}<\/style><h1 class=\"elementor-heading-title elementor-size-default\">Foire aux questions (FAQ)<\/h1>\t\t<\/div>\n\t\t\t\t<\/div>\n\t\t\t\t\t<\/div>\n\t\t<\/div>\n\t\t\t\t\t\t\t<\/div>\n\t\t<\/section>\n\t\t\t\t<section class=\"elementor-section elementor-top-section elementor-element elementor-element-85a4b07 elementor-section-boxed elementor-section-height-default elementor-section-height-default\" data-id=\"85a4b07\" data-element_type=\"section\">\n\t\t\t\t\t\t<div class=\"elementor-container elementor-column-gap-default\">\n\t\t\t\t\t<div class=\"elementor-column elementor-col-100 elementor-top-column elementor-element elementor-element-49afa15\" data-id=\"49afa15\" data-element_type=\"column\">\n\t\t\t<div class=\"elementor-widget-wrap elementor-element-populated\">\n\t\t\t\t\t\t\t\t<div class=\"elementor-element elementor-element-1b0dd5a elementor-widget elementor-widget-heading\" data-id=\"1b0dd5a\" data-element_type=\"widget\" data-widget_type=\"heading.default\">\n\t\t\t\t<div class=\"elementor-widget-container\">\n\t\t\t<h4 class=\"elementor-heading-title elementor-size-default\">Les points importants que vous devez savoir<\/h4>\t\t<\/div>\n\t\t\t\t<\/div>\n\t\t\t\t<div class=\"elementor-element elementor-element-caa87b3 elementor-widget elementor-widget-heading\" data-id=\"caa87b3\" data-element_type=\"widget\" data-widget_type=\"heading.default\">\n\t\t\t\t<div class=\"elementor-widget-container\">\n\t\t\t<h2 class=\"elementor-heading-title elementor-size-default\">Questions et r\u00e9ponses<\/h2>\t\t<\/div>\n\t\t\t\t<\/div>\n\t\t\t\t<section class=\"elementor-section elementor-inner-section elementor-element elementor-element-95f6d28 elementor-section-boxed elementor-section-height-default elementor-section-height-default\" data-id=\"95f6d28\" data-element_type=\"section\">\n\t\t\t\t\t\t<div class=\"elementor-container elementor-column-gap-default\">\n\t\t\t\t\t<div class=\"elementor-column elementor-col-100 elementor-inner-column elementor-element elementor-element-089e62a\" data-id=\"089e62a\" data-element_type=\"column\">\n\t\t\t<div class=\"elementor-widget-wrap elementor-element-populated\">\n\t\t\t\t\t\t\t\t<div class=\"elementor-element elementor-element-e534e6f elementor-widget elementor-widget-toggle\" data-id=\"e534e6f\" data-element_type=\"widget\" data-widget_type=\"toggle.default\">\n\t\t\t\t<div class=\"elementor-widget-container\">\n\t\t\t<style>\/*! elementor - v3.15.0 - 20-08-2023 *\/\n.elementor-toggle{text-align:left}.elementor-toggle .elementor-tab-title{font-weight:700;line-height:1;margin:0;padding:15px;border-bottom:1px solid #d5d8dc;cursor:pointer;outline:none}.elementor-toggle .elementor-tab-title .elementor-toggle-icon{display:inline-block;width:1em}.elementor-toggle .elementor-tab-title .elementor-toggle-icon svg{-webkit-margin-start:-5px;margin-inline-start:-5px;width:1em;height:1em}.elementor-toggle .elementor-tab-title .elementor-toggle-icon.elementor-toggle-icon-right{float:right;text-align:right}.elementor-toggle .elementor-tab-title .elementor-toggle-icon.elementor-toggle-icon-left{float:left;text-align:left}.elementor-toggle .elementor-tab-title .elementor-toggle-icon .elementor-toggle-icon-closed{display:block}.elementor-toggle .elementor-tab-title .elementor-toggle-icon .elementor-toggle-icon-opened{display:none}.elementor-toggle .elementor-tab-title.elementor-active{border-bottom:none}.elementor-toggle .elementor-tab-title.elementor-active .elementor-toggle-icon-closed{display:none}.elementor-toggle .elementor-tab-title.elementor-active .elementor-toggle-icon-opened{display:block}.elementor-toggle .elementor-tab-content{padding:15px;border-bottom:1px solid #d5d8dc;display:none}@media (max-width:767px){.elementor-toggle .elementor-tab-title{padding:12px}.elementor-toggle .elementor-tab-content{padding:12px 10px}}.e-con-inner>.elementor-widget-toggle,.e-con>.elementor-widget-toggle{width:var(--container-widget-width);--flex-grow:var(--container-widget-flex-grow)}<\/style>\t\t<div class=\"elementor-toggle\">\n\t\t\t\t\t\t\t<div class=\"elementor-toggle-item\">\n\t\t\t\t\t<div id=\"elementor-tab-title-2401\" class=\"elementor-tab-title\" data-tab=\"1\" role=\"button\" aria-controls=\"elementor-tab-content-2401\" aria-expanded=\"false\">\n\t\t\t\t\t\t\t\t\t\t\t\t<span class=\"elementor-toggle-icon elementor-toggle-icon-right\" aria-hidden=\"true\">\n\t\t\t\t\t\t\t\t\t\t\t\t\t\t\t<span class=\"elementor-toggle-icon-closed\"><i class=\"fas fa-long-arrow-alt-down\"><\/i><\/span>\n\t\t\t\t\t\t\t\t<span class=\"elementor-toggle-icon-opened\"><i class=\"elementor-toggle-icon-opened fas fa-long-arrow-alt-up\"><\/i><\/span>\n\t\t\t\t\t\t\t\t\t\t\t\t\t<\/span>\n\t\t\t\t\t\t\t\t\t\t\t\t<a class=\"elementor-toggle-title\" tabindex=\"0\">En quoi consiste l'action ?<\/a>\n\t\t\t\t\t<\/div>\n\n\t\t\t\t\t<div id=\"elementor-tab-content-2401\" class=\"elementor-tab-content elementor-clearfix\" data-tab=\"1\" role=\"region\" aria-labelledby=\"elementor-tab-title-2401\"><p><a href=\"https:\/\/www.fedlex.admin.ch\/eli\/cc\/2004\/320\/fr#art_105\" target=\"_blank\" rel=\"noopener\">La loi sur les fusions (LFus\u00a0105) <\/a>pr\u00e9voit une action judiciaire en contr\u00f4le du rapport d\u2019\u00e9change et offre ainsi la possibilit\u00e9 \u00e0 tout actionnaire qui s\u2019estimerait l\u00e9s\u00e9 dans le cadre d\u2019une fusion d\u2019obtenir un d\u00e9dommagement ad\u00e9quat destin\u00e9 \u00e0 compenser l\u2019atteinte subie.<\/p><p>En raison des sp\u00e9cificit\u00e9s proc\u00e9durales de cette action, l\u2019ASDA est en mesure d\u2019organiser et de mener une action judiciaire sous forme d\u2019action collective (\u00ab\u00a0class action\u00a0\u00bb).<br \/>En effet, la particularit\u00e9 d\u2019une telle action judicaire r\u00e9side dans le fait qu\u2019en cas de succ\u00e8s, le jugement s\u2019\u00e9tend \u00e0 tous les actionnaires, ce qui permet notamment de centraliser la conduite de l\u2019action pour le compte d\u2019un unique actionnaire (\u00ab\u00a0actionnaire-mod\u00e8le\u00a0\u00bb), mais \u00e9galement de r\u00e9duire les frais d\u2019avocats.<\/p><p>En cas de succ\u00e8s de l\u2019action, soit par un accord \u00e0 l\u2019amiable (accord extra-judiciaire) soit par une victoire au fond (jugement), les actionnaires per\u00e7oivent leur indemnit\u00e9 conform\u00e9ment au choix de participation effectu\u00e9.<\/p><\/div>\n\t\t\t\t<\/div>\n\t\t\t\t\t\t\t<div class=\"elementor-toggle-item\">\n\t\t\t\t\t<div id=\"elementor-tab-title-2402\" class=\"elementor-tab-title\" data-tab=\"2\" role=\"button\" aria-controls=\"elementor-tab-content-2402\" aria-expanded=\"false\">\n\t\t\t\t\t\t\t\t\t\t\t\t<span class=\"elementor-toggle-icon elementor-toggle-icon-right\" aria-hidden=\"true\">\n\t\t\t\t\t\t\t\t\t\t\t\t\t\t\t<span class=\"elementor-toggle-icon-closed\"><i class=\"fas fa-long-arrow-alt-down\"><\/i><\/span>\n\t\t\t\t\t\t\t\t<span class=\"elementor-toggle-icon-opened\"><i class=\"elementor-toggle-icon-opened fas fa-long-arrow-alt-up\"><\/i><\/span>\n\t\t\t\t\t\t\t\t\t\t\t\t\t<\/span>\n\t\t\t\t\t\t\t\t\t\t\t\t<a class=\"elementor-toggle-title\" tabindex=\"0\">Qui peut y participer\u00a0?<\/a>\n\t\t\t\t\t<\/div>\n\n\t\t\t\t\t<div id=\"elementor-tab-content-2402\" class=\"elementor-tab-content elementor-clearfix\" data-tab=\"2\" role=\"region\" aria-labelledby=\"elementor-tab-title-2402\"><p>Pour participer \u00e0 l\u2019action, vous deviez\u00a0d\u00e9tenir\u00a0des actions ordinaires du Credit Suisse (ISIN CH0012138530) ou des American Depositary Shares du Credit Suisse (ADS, ISIN US2254011081) au moment de la cl\u00f4ture de la bourse suisse, avant la d\u00e9cision de fusion, soit le 17 mars 2023 \u00e0 17h30.<\/p><\/div>\n\t\t\t\t<\/div>\n\t\t\t\t\t\t\t<div class=\"elementor-toggle-item\">\n\t\t\t\t\t<div id=\"elementor-tab-title-2403\" class=\"elementor-tab-title\" data-tab=\"3\" role=\"button\" aria-controls=\"elementor-tab-content-2403\" aria-expanded=\"false\">\n\t\t\t\t\t\t\t\t\t\t\t\t<span class=\"elementor-toggle-icon elementor-toggle-icon-right\" aria-hidden=\"true\">\n\t\t\t\t\t\t\t\t\t\t\t\t\t\t\t<span class=\"elementor-toggle-icon-closed\"><i class=\"fas fa-long-arrow-alt-down\"><\/i><\/span>\n\t\t\t\t\t\t\t\t<span class=\"elementor-toggle-icon-opened\"><i class=\"elementor-toggle-icon-opened fas fa-long-arrow-alt-up\"><\/i><\/span>\n\t\t\t\t\t\t\t\t\t\t\t\t\t<\/span>\n\t\t\t\t\t\t\t\t\t\t\t\t<a class=\"elementor-toggle-title\" tabindex=\"0\">Combien co\u00fbte la participation \u00e0 l\u2019action\u00a0?<\/a>\n\t\t\t\t\t<\/div>\n\n\t\t\t\t\t<div id=\"elementor-tab-content-2403\" class=\"elementor-tab-content elementor-clearfix\" data-tab=\"3\" role=\"region\" aria-labelledby=\"elementor-tab-title-2403\"><p>Pour participer, les actionnaires versent \u00e0 l\u2019ASDA une participation financi\u00e8re permettant notamment de couvrir les frais d\u2019avocats pour mener \u00e0 bien la proc\u00e9dure judiciaire, les \u00e9ventuels frais de proc\u00e9dure et d\u00e9pens, ainsi que les frais g\u00e9n\u00e9raux de fonctionnement de l\u2019ASDA.<\/p><p>L\u2019actionnaire a le choix entre deux variantes de participation.<\/p><\/div>\n\t\t\t\t<\/div>\n\t\t\t\t\t\t\t<div class=\"elementor-toggle-item\">\n\t\t\t\t\t<div id=\"elementor-tab-title-2404\" class=\"elementor-tab-title\" data-tab=\"4\" role=\"button\" aria-controls=\"elementor-tab-content-2404\" aria-expanded=\"false\">\n\t\t\t\t\t\t\t\t\t\t\t\t<span class=\"elementor-toggle-icon elementor-toggle-icon-right\" aria-hidden=\"true\">\n\t\t\t\t\t\t\t\t\t\t\t\t\t\t\t<span class=\"elementor-toggle-icon-closed\"><i class=\"fas fa-long-arrow-alt-down\"><\/i><\/span>\n\t\t\t\t\t\t\t\t<span class=\"elementor-toggle-icon-opened\"><i class=\"elementor-toggle-icon-opened fas fa-long-arrow-alt-up\"><\/i><\/span>\n\t\t\t\t\t\t\t\t\t\t\t\t\t<\/span>\n\t\t\t\t\t\t\t\t\t\t\t\t<a class=\"elementor-toggle-title\" tabindex=\"0\">Jusqu\u2019\u00e0 quelle date pouvons-nous nous inscrire\u00a0? <\/a>\n\t\t\t\t\t<\/div>\n\n\t\t\t\t\t<div id=\"elementor-tab-content-2404\" class=\"elementor-tab-content elementor-clearfix\" data-tab=\"4\" role=\"region\" aria-labelledby=\"elementor-tab-title-2404\"><p>L\u2019action en justice ayant d\u00e9j\u00e0 \u00e9t\u00e9 d\u00e9pos\u00e9e dans le d\u00e9lai l\u00e9gal par l\u2019 \u00ab actionnaire mod\u00e8le \u00bb, vous pouvez vous y joindre en vous inscrivant sur notre site jusqu\u2019au 29 f\u00e9vrier 2024. Une prolongation de ce d\u00e9lai n\u2019est pas \u00e0 exclure notamment en fonction de la demande.<\/p><\/div>\n\t\t\t\t<\/div>\n\t\t\t\t\t\t\t<div class=\"elementor-toggle-item\">\n\t\t\t\t\t<div id=\"elementor-tab-title-2405\" class=\"elementor-tab-title\" data-tab=\"5\" role=\"button\" aria-controls=\"elementor-tab-content-2405\" aria-expanded=\"false\">\n\t\t\t\t\t\t\t\t\t\t\t\t<span class=\"elementor-toggle-icon elementor-toggle-icon-right\" aria-hidden=\"true\">\n\t\t\t\t\t\t\t\t\t\t\t\t\t\t\t<span class=\"elementor-toggle-icon-closed\"><i class=\"fas fa-long-arrow-alt-down\"><\/i><\/span>\n\t\t\t\t\t\t\t\t<span class=\"elementor-toggle-icon-opened\"><i class=\"elementor-toggle-icon-opened fas fa-long-arrow-alt-up\"><\/i><\/span>\n\t\t\t\t\t\t\t\t\t\t\t\t\t<\/span>\n\t\t\t\t\t\t\t\t\t\t\t\t<a class=\"elementor-toggle-title\" tabindex=\"0\">Quelles sont les chances de succ\u00e8s\u00a0?<\/a>\n\t\t\t\t\t<\/div>\n\n\t\t\t\t\t<div id=\"elementor-tab-content-2405\" class=\"elementor-tab-content elementor-clearfix\" data-tab=\"5\" role=\"region\" aria-labelledby=\"elementor-tab-title-2405\"><p>S\u2019agissant d\u2019une situation exceptionnelle et sans pareil pr\u00e9c\u00e9dent, l\u2019issue de la proc\u00e9dure est incertaine et d\u00e9pend de nombreux facteurs, dont notamment la possibilit\u00e9 qu\u2019UBS ne souhaite pas s\u2019engager dans des n\u00e9gociations.<\/p><p>L\u2019ASDA ne donne aucune garantie ou assurance \u00e0 l\u2019actionnaire participant que l\u2019action intent\u00e9e aboutira \u00e0 un r\u00e9sultat positif ou qu\u2019il recevra une indemnit\u00e9.<\/p><p>Cela \u00e9tant, la situation est absolument in\u00e9dite, et il est vraisemblable que le Tribunal s\u2019int\u00e9resse de pr\u00e8s au rachat de Cr\u00e9dit Suisse par UBS, en particulier compte tenu des circonstances d\u2019urgence invoqu\u00e9es et mises en \u0153uvre dans le cadre de cette fusion, ainsi que du prix de rachat de Cr\u00e9dit Suisse.<\/p><\/div>\n\t\t\t\t<\/div>\n\t\t\t\t\t\t\t<div class=\"elementor-toggle-item\">\n\t\t\t\t\t<div id=\"elementor-tab-title-2406\" class=\"elementor-tab-title\" data-tab=\"6\" role=\"button\" aria-controls=\"elementor-tab-content-2406\" aria-expanded=\"false\">\n\t\t\t\t\t\t\t\t\t\t\t\t<span class=\"elementor-toggle-icon elementor-toggle-icon-right\" aria-hidden=\"true\">\n\t\t\t\t\t\t\t\t\t\t\t\t\t\t\t<span class=\"elementor-toggle-icon-closed\"><i class=\"fas fa-long-arrow-alt-down\"><\/i><\/span>\n\t\t\t\t\t\t\t\t<span class=\"elementor-toggle-icon-opened\"><i class=\"elementor-toggle-icon-opened fas fa-long-arrow-alt-up\"><\/i><\/span>\n\t\t\t\t\t\t\t\t\t\t\t\t\t<\/span>\n\t\t\t\t\t\t\t\t\t\t\t\t<a class=\"elementor-toggle-title\" tabindex=\"0\">Y aurait-il une n\u00e9gociation avec les repr\u00e9sentants d\u2019UBS\u00a0? <\/a>\n\t\t\t\t\t<\/div>\n\n\t\t\t\t\t<div id=\"elementor-tab-content-2406\" class=\"elementor-tab-content elementor-clearfix\" data-tab=\"6\" role=\"region\" aria-labelledby=\"elementor-tab-title-2406\"><p>Outre le jugement d\u2019un tribunal suisse, il est \u00e9galement envisageable de conclure un accord dit \u00ab\u00a0extra-judiciaire\u00a0\u00bb avec l\u2019UBS, sur un paiement compensatoire concret pour les actionnaires.<\/p><p>Il n\u2019est toutefois pas encore possible d\u2019\u00e9valuer actuellement dans quelle mesure UBS sera pr\u00eate \u00e0 mener ce genre de discussions transactionnelles.<\/p><p>Il n\u2019y a aucune garantie qu\u2019en tant qu\u2019actionnaire, vous receviez une compensation financi\u00e8re.<\/p><\/div>\n\t\t\t\t<\/div>\n\t\t\t\t\t\t\t<div class=\"elementor-toggle-item\">\n\t\t\t\t\t<div id=\"elementor-tab-title-2407\" class=\"elementor-tab-title\" data-tab=\"7\" role=\"button\" aria-controls=\"elementor-tab-content-2407\" aria-expanded=\"false\">\n\t\t\t\t\t\t\t\t\t\t\t\t<span class=\"elementor-toggle-icon elementor-toggle-icon-right\" aria-hidden=\"true\">\n\t\t\t\t\t\t\t\t\t\t\t\t\t\t\t<span class=\"elementor-toggle-icon-closed\"><i class=\"fas fa-long-arrow-alt-down\"><\/i><\/span>\n\t\t\t\t\t\t\t\t<span class=\"elementor-toggle-icon-opened\"><i class=\"elementor-toggle-icon-opened fas fa-long-arrow-alt-up\"><\/i><\/span>\n\t\t\t\t\t\t\t\t\t\t\t\t\t<\/span>\n\t\t\t\t\t\t\t\t\t\t\t\t<a class=\"elementor-toggle-title\" tabindex=\"0\">En participant, j\u2019encoure des risques\u00a0?<\/a>\n\t\t\t\t\t<\/div>\n\n\t\t\t\t\t<div id=\"elementor-tab-content-2407\" class=\"elementor-tab-content elementor-clearfix\" data-tab=\"7\" role=\"region\" aria-labelledby=\"elementor-tab-title-2407\"><p>Non, mis \u00e0 part la perte de votre participation financi\u00e8re d\u00e9j\u00e0 pay\u00e9e pour participer \u00e0 l\u2019action.<\/p><p>Aucun frais ne peuvent \u00eatre r\u00e9clam\u00e9s aux participants \u00e0 l\u2019action car seul l\u2019\u00ab actionnaire-mod\u00e8le \u00bb participe formellement \u00e0 la proc\u00e9dure devant le tribunal.<\/p><\/div>\n\t\t\t\t<\/div>\n\t\t\t\t\t\t\t<div class=\"elementor-toggle-item\">\n\t\t\t\t\t<div id=\"elementor-tab-title-2408\" class=\"elementor-tab-title\" data-tab=\"8\" role=\"button\" aria-controls=\"elementor-tab-content-2408\" aria-expanded=\"false\">\n\t\t\t\t\t\t\t\t\t\t\t\t<span class=\"elementor-toggle-icon elementor-toggle-icon-right\" aria-hidden=\"true\">\n\t\t\t\t\t\t\t\t\t\t\t\t\t\t\t<span class=\"elementor-toggle-icon-closed\"><i class=\"fas fa-long-arrow-alt-down\"><\/i><\/span>\n\t\t\t\t\t\t\t\t<span class=\"elementor-toggle-icon-opened\"><i class=\"elementor-toggle-icon-opened fas fa-long-arrow-alt-up\"><\/i><\/span>\n\t\t\t\t\t\t\t\t\t\t\t\t\t<\/span>\n\t\t\t\t\t\t\t\t\t\t\t\t<a class=\"elementor-toggle-title\" tabindex=\"0\">Mes donn\u00e9es resteront-elles confidentielles\u00a0? \/ Ma participation est-elle confidentielle\u00a0?<\/a>\n\t\t\t\t\t<\/div>\n\n\t\t\t\t\t<div id=\"elementor-tab-content-2408\" class=\"elementor-tab-content elementor-clearfix\" data-tab=\"8\" role=\"region\" aria-labelledby=\"elementor-tab-title-2408\"><p>Toutes les informations que l&rsquo;actionnaire participant met \u00e0 la disposition de l\u2019ASDA sont par principe trait\u00e9es de mani\u00e8re confidentielle.<\/p><p>L\u2019ASDA s&rsquo;engage \u00e0 ne pas transmettre ces informations \u00e0 des tiers non-autoris\u00e9s, \u00e0 l\u2019exception notamment des avocats, r\u00e9viseurs, v\u00e9rificateurs aux comptes et \u00e9tablissements financiers, avec lesquels l\u2019ASDA collabore.<\/p><p>Ces informations peuvent \u00e9galement \u00eatre transmises \u00e0 d&rsquo;autres parties qui en ont besoin pour permettre \u00e0 l\u2019ASDA d&rsquo;ex\u00e9cuter la pr\u00e9sente convention ou de repr\u00e9senter les int\u00e9r\u00eats de l&rsquo;actionnaire participant.<\/p><\/div>\n\t\t\t\t<\/div>\n\t\t\t\t\t\t\t<div class=\"elementor-toggle-item\">\n\t\t\t\t\t<div id=\"elementor-tab-title-2409\" class=\"elementor-tab-title\" data-tab=\"9\" role=\"button\" aria-controls=\"elementor-tab-content-2409\" aria-expanded=\"false\">\n\t\t\t\t\t\t\t\t\t\t\t\t<span class=\"elementor-toggle-icon elementor-toggle-icon-right\" aria-hidden=\"true\">\n\t\t\t\t\t\t\t\t\t\t\t\t\t\t\t<span class=\"elementor-toggle-icon-closed\"><i class=\"fas fa-long-arrow-alt-down\"><\/i><\/span>\n\t\t\t\t\t\t\t\t<span class=\"elementor-toggle-icon-opened\"><i class=\"elementor-toggle-icon-opened fas fa-long-arrow-alt-up\"><\/i><\/span>\n\t\t\t\t\t\t\t\t\t\t\t\t\t<\/span>\n\t\t\t\t\t\t\t\t\t\t\t\t<a class=\"elementor-toggle-title\" tabindex=\"0\">Quels sont mes droits en tant que participants\u00a0? <\/a>\n\t\t\t\t\t<\/div>\n\n\t\t\t\t\t<div id=\"elementor-tab-content-2409\" class=\"elementor-tab-content elementor-clearfix\" data-tab=\"9\" role=\"region\" aria-labelledby=\"elementor-tab-title-2409\"><p>La strat\u00e9gie est d\u00e9finie entre l\u2019ASDA et les avocats choisis par celle-ci.<\/p><p>En cas de n\u00e9gociations \u00e0 l\u2019amiable avec UBS (\u00ab transaction extra-judiciaire \u00bb), l\u2019ASDA organisera un vote consultatif dans le cadre duquel chaque actionnaire participant pourra s\u2019exprimer sur les enjeux de la n\u00e9gociation, notamment sur le montant du d\u00e9dommagement.<\/p><\/div>\n\t\t\t\t<\/div>\n\t\t\t\t\t\t\t\t<\/div>\n\t\t\t\t<\/div>\n\t\t\t\t<\/div>\n\t\t\t\t\t<\/div>\n\t\t<\/div>\n\t\t\t\t\t\t\t<\/div>\n\t\t<\/section>\n\t\t\t\t\t<\/div>\n\t\t<\/div>\n\t\t\t\t\t\t\t<\/div>\n\t\t<\/section>\n\t\t\t\t\t\t\t<\/div>\n\t\t","protected":false},"excerpt":{"rendered":"<p>Foire aux questions (FAQ) Les points importants que vous devez savoir Questions et r\u00e9ponses En quoi consiste l&rsquo;action ? La loi sur les fusions (LFus\u00a0105) pr\u00e9voit une action judiciaire en contr\u00f4le du rapport d\u2019\u00e9change et offre ainsi la possibilit\u00e9 \u00e0 tout actionnaire qui s\u2019estimerait l\u00e9s\u00e9 dans le cadre d\u2019une fusion d\u2019obtenir un d\u00e9dommagement ad\u00e9quat destin\u00e9 [&hellip;]<\/p>\n","protected":false},"author":1,"featured_media":0,"parent":0,"menu_order":0,"comment_status":"closed","ping_status":"closed","template":"elementor_header_footer","meta":{"footnotes":""},"folder":[12],"class_list":["post-209","page","type-page","status-publish","hentry"],"_links":{"self":[{"href":"https:\/\/asda-swiss.ch\/fr\/wp-json\/wp\/v2\/pages\/209","targetHints":{"allow":["GET"]}}],"collection":[{"href":"https:\/\/asda-swiss.ch\/fr\/wp-json\/wp\/v2\/pages"}],"about":[{"href":"https:\/\/asda-swiss.ch\/fr\/wp-json\/wp\/v2\/types\/page"}],"author":[{"embeddable":true,"href":"https:\/\/asda-swiss.ch\/fr\/wp-json\/wp\/v2\/users\/1"}],"replies":[{"embeddable":true,"href":"https:\/\/asda-swiss.ch\/fr\/wp-json\/wp\/v2\/comments?post=209"}],"version-history":[{"count":49,"href":"https:\/\/asda-swiss.ch\/fr\/wp-json\/wp\/v2\/pages\/209\/revisions"}],"predecessor-version":[{"id":1054,"href":"https:\/\/asda-swiss.ch\/fr\/wp-json\/wp\/v2\/pages\/209\/revisions\/1054"}],"wp:attachment":[{"href":"https:\/\/asda-swiss.ch\/fr\/wp-json\/wp\/v2\/media?parent=209"}],"wp:term":[{"taxonomy":"folder","embeddable":true,"href":"https:\/\/asda-swiss.ch\/fr\/wp-json\/wp\/v2\/folder?post=209"}],"curies":[{"name":"wp","href":"https:\/\/api.w.org\/{rel}","templated":true}]}}