{"id":191,"date":"2023-09-08T14:29:15","date_gmt":"2023-09-08T14:29:15","guid":{"rendered":"https:\/\/asda-swiss.ch\/?page_id=191"},"modified":"2023-10-02T07:38:49","modified_gmt":"2023-10-02T07:38:49","slug":"action-credit-suisse","status":"publish","type":"page","link":"https:\/\/asda-swiss.ch\/fr\/action-credit-suisse\/","title":{"rendered":"Action Credit Suisse"},"content":{"rendered":"\t\t<div data-elementor-type=\"wp-page\" data-elementor-id=\"191\" class=\"elementor elementor-191\">\n\t\t\t\t\t\t\t\t\t<section class=\"elementor-section elementor-top-section elementor-element elementor-element-f46c87c elementor-section-height-min-height elementor-section-boxed elementor-section-height-default elementor-section-items-middle\" data-id=\"f46c87c\" data-element_type=\"section\" data-settings=\"{&quot;background_background&quot;:&quot;classic&quot;,&quot;background_motion_fx_opacity_effect&quot;:&quot;yes&quot;,&quot;background_motion_fx_opacity_range&quot;:{&quot;unit&quot;:&quot;%&quot;,&quot;size&quot;:&quot;&quot;,&quot;sizes&quot;:{&quot;start&quot;:&quot;51&quot;,&quot;end&quot;:&quot;76&quot;}},&quot;background_motion_fx_motion_fx_scrolling&quot;:&quot;yes&quot;,&quot;background_motion_fx_opacity_direction&quot;:&quot;in-out&quot;,&quot;background_motion_fx_opacity_level&quot;:{&quot;unit&quot;:&quot;px&quot;,&quot;size&quot;:10,&quot;sizes&quot;:[]},&quot;background_motion_fx_devices&quot;:[&quot;desktop&quot;,&quot;tablet&quot;,&quot;mobile&quot;]}\">\n\t\t\t\t\t\t\t<div class=\"elementor-background-overlay\"><\/div>\n\t\t\t\t\t\t\t<div class=\"elementor-container elementor-column-gap-default\">\n\t\t\t\t\t<div class=\"elementor-column elementor-col-100 elementor-top-column elementor-element elementor-element-dd1642d\" data-id=\"dd1642d\" data-element_type=\"column\">\n\t\t\t<div class=\"elementor-widget-wrap elementor-element-populated\">\n\t\t\t\t\t\t\t\t<div class=\"elementor-element elementor-element-440626d elementor-widget elementor-widget-heading\" data-id=\"440626d\" data-element_type=\"widget\" data-widget_type=\"heading.default\">\n\t\t\t\t<div class=\"elementor-widget-container\">\n\t\t\t<style>\/*! elementor - v3.15.0 - 20-08-2023 *\/\n.elementor-heading-title{padding:0;margin:0;line-height:1}.elementor-widget-heading .elementor-heading-title[class*=elementor-size-]>a{color:inherit;font-size:inherit;line-height:inherit}.elementor-widget-heading .elementor-heading-title.elementor-size-small{font-size:15px}.elementor-widget-heading .elementor-heading-title.elementor-size-medium{font-size:19px}.elementor-widget-heading .elementor-heading-title.elementor-size-large{font-size:29px}.elementor-widget-heading .elementor-heading-title.elementor-size-xl{font-size:39px}.elementor-widget-heading .elementor-heading-title.elementor-size-xxl{font-size:59px}<\/style><h1 class=\"elementor-heading-title elementor-size-default\">Action Credit Suisse<\/h1>\t\t<\/div>\n\t\t\t\t<\/div>\n\t\t\t\t<div class=\"elementor-element elementor-element-78ca71c elementor-widget elementor-widget-heading\" data-id=\"78ca71c\" data-element_type=\"widget\" data-widget_type=\"heading.default\">\n\t\t\t\t<div class=\"elementor-widget-container\">\n\t\t\t<h2 class=\"elementor-heading-title elementor-size-default\">Art. 105 de la loi f\u00e9d\u00e9rale sur les fusions\n<\/h2>\t\t<\/div>\n\t\t\t\t<\/div>\n\t\t\t\t\t<\/div>\n\t\t<\/div>\n\t\t\t\t\t\t\t<\/div>\n\t\t<\/section>\n\t\t\t\t<section class=\"elementor-section elementor-top-section elementor-element elementor-element-9f0a46d elementor-section-boxed elementor-section-height-default elementor-section-height-default\" data-id=\"9f0a46d\" data-element_type=\"section\">\n\t\t\t\t\t\t<div class=\"elementor-container elementor-column-gap-default\">\n\t\t\t\t\t<div class=\"elementor-column elementor-col-33 elementor-top-column elementor-element elementor-element-8f32741\" data-id=\"8f32741\" data-element_type=\"column\">\n\t\t\t<div class=\"elementor-widget-wrap elementor-element-populated\">\n\t\t\t\t\t\t\t\t<div class=\"elementor-element elementor-element-ce68dfb elementor-widget elementor-widget-image\" data-id=\"ce68dfb\" data-element_type=\"widget\" data-widget_type=\"image.default\">\n\t\t\t\t<div class=\"elementor-widget-container\">\n\t\t\t<style>\/*! elementor - v3.15.0 - 20-08-2023 *\/\n.elementor-widget-image{text-align:center}.elementor-widget-image a{display:inline-block}.elementor-widget-image a img[src$=\".svg\"]{width:48px}.elementor-widget-image img{vertical-align:middle;display:inline-block}<\/style>\t\t\t\t\t\t\t\t\t\t\t\t<img loading=\"lazy\" decoding=\"async\" width=\"800\" height=\"519\" src=\"https:\/\/asda-swiss.ch\/wp-content\/uploads\/AdobeStock_583062014_Editorial_Use_Only-1024x664.jpeg\" class=\"attachment-large size-large wp-image-193\" alt=\"\" srcset=\"https:\/\/asda-swiss.ch\/wp-content\/uploads\/AdobeStock_583062014_Editorial_Use_Only-1024x664.jpeg 1024w, https:\/\/asda-swiss.ch\/wp-content\/uploads\/AdobeStock_583062014_Editorial_Use_Only-300x194.jpeg 300w, https:\/\/asda-swiss.ch\/wp-content\/uploads\/AdobeStock_583062014_Editorial_Use_Only-768x498.jpeg 768w, https:\/\/asda-swiss.ch\/wp-content\/uploads\/AdobeStock_583062014_Editorial_Use_Only-1536x995.jpeg 1536w, https:\/\/asda-swiss.ch\/wp-content\/uploads\/AdobeStock_583062014_Editorial_Use_Only-2048x1327.jpeg 2048w\" sizes=\"auto, (max-width: 800px) 100vw, 800px\" \/>\t\t\t\t\t\t\t\t\t\t\t\t\t\t\t<\/div>\n\t\t\t\t<\/div>\n\t\t\t\t\t<\/div>\n\t\t<\/div>\n\t\t\t\t<div class=\"elementor-column elementor-col-33 elementor-top-column elementor-element elementor-element-fb72177\" data-id=\"fb72177\" data-element_type=\"column\">\n\t\t\t<div class=\"elementor-widget-wrap elementor-element-populated\">\n\t\t\t\t\t\t\t\t<div class=\"elementor-element elementor-element-9388774 elementor-widget elementor-widget-text-editor\" data-id=\"9388774\" data-element_type=\"widget\" data-widget_type=\"text-editor.default\">\n\t\t\t\t<div class=\"elementor-widget-container\">\n\t\t\t<style>\/*! elementor - v3.15.0 - 20-08-2023 *\/\n.elementor-widget-text-editor.elementor-drop-cap-view-stacked .elementor-drop-cap{background-color:#69727d;color:#fff}.elementor-widget-text-editor.elementor-drop-cap-view-framed .elementor-drop-cap{color:#69727d;border:3px solid;background-color:transparent}.elementor-widget-text-editor:not(.elementor-drop-cap-view-default) .elementor-drop-cap{margin-top:8px}.elementor-widget-text-editor:not(.elementor-drop-cap-view-default) .elementor-drop-cap-letter{width:1em;height:1em}.elementor-widget-text-editor .elementor-drop-cap{float:left;text-align:center;line-height:1;font-size:50px}.elementor-widget-text-editor .elementor-drop-cap-letter{display:inline-block}<\/style>\t\t\t\t<p>Pour cette action, les frais de justice sont calcul\u00e9s sur l\u2019entier du capital-actions de la soci\u00e9t\u00e9 absorb\u00e9e. Dans notre cas\u00a0: entre 3\u00a0milliards de francs suisses au minimum et 30\u00a0milliards de francs suisses au maximum.<\/p><p><span class=\"s2\">Sauf pour quelques actionnaires tr\u00e8s fortun\u00e9s, ces frais, major\u00e9s des frais d\u2019avocat, rendent la possibilit\u00e9 d\u2019une telle action en justice <\/span><span class=\"s3\">illusoire<\/span><span class=\"s2\">.<\/span><\/p>\t\t\t\t\t\t<\/div>\n\t\t\t\t<\/div>\n\t\t\t\t\t<\/div>\n\t\t<\/div>\n\t\t\t\t<div class=\"elementor-column elementor-col-33 elementor-top-column elementor-element elementor-element-87807bd\" data-id=\"87807bd\" data-element_type=\"column\">\n\t\t\t<div class=\"elementor-widget-wrap elementor-element-populated\">\n\t\t\t\t\t\t\t\t<div class=\"elementor-element elementor-element-70a06ec elementor-widget elementor-widget-text-editor\" data-id=\"70a06ec\" data-element_type=\"widget\" data-widget_type=\"text-editor.default\">\n\t\t\t\t<div class=\"elementor-widget-container\">\n\t\t\t\t\t\t\t<p>Cependant, le m\u00e9canisme de \u00ab\u00a0class action\u00a0\u00bb mis en place permet de faire b\u00e9n\u00e9ficier aux participants des avantages d\u2019une seule action d\u00e9pos\u00e9e par un actionnaire mod\u00e8le, sans en subir les risques.<\/p><p>Seul le demandeur \u00ab\u00a0actionnaire mod\u00e8le\u00a0\u00bb subit ce risque vu qu\u2019il est le seul \u00e0 avoir introduit l\u2019action.<\/p>\t\t\t\t\t\t<\/div>\n\t\t\t\t<\/div>\n\t\t\t\t\t<\/div>\n\t\t<\/div>\n\t\t\t\t\t\t\t<\/div>\n\t\t<\/section>\n\t\t\t\t<section class=\"elementor-section elementor-top-section elementor-element elementor-element-ee49e9d elementor-section-boxed elementor-section-height-default elementor-section-height-default\" data-id=\"ee49e9d\" data-element_type=\"section\">\n\t\t\t\t\t\t<div class=\"elementor-container elementor-column-gap-default\">\n\t\t\t\t\t<div class=\"elementor-column elementor-col-33 elementor-top-column elementor-element elementor-element-8f3a922\" data-id=\"8f3a922\" data-element_type=\"column\">\n\t\t\t<div class=\"elementor-widget-wrap elementor-element-populated\">\n\t\t\t\t\t\t\t\t<div class=\"elementor-element elementor-element-b21d7e7 elementor-widget elementor-widget-heading\" data-id=\"b21d7e7\" data-element_type=\"widget\" data-widget_type=\"heading.default\">\n\t\t\t\t<div class=\"elementor-widget-container\">\n\t\t\t<h2 class=\"elementor-heading-title elementor-size-default\">Une situation sans pr\u00e9c\u00e9dent et juridiquement exceptionnelle<\/h2>\t\t<\/div>\n\t\t\t\t<\/div>\n\t\t\t\t\t<\/div>\n\t\t<\/div>\n\t\t\t\t<div class=\"elementor-column elementor-col-33 elementor-top-column elementor-element elementor-element-47441d1\" data-id=\"47441d1\" data-element_type=\"column\">\n\t\t\t<div class=\"elementor-widget-wrap elementor-element-populated\">\n\t\t\t\t\t\t\t\t<div class=\"elementor-element elementor-element-1c7d8c3 elementor-widget elementor-widget-text-editor\" data-id=\"1c7d8c3\" data-element_type=\"widget\" data-widget_type=\"text-editor.default\">\n\t\t\t\t<div class=\"elementor-widget-container\">\n\t\t\t\t\t\t\t<p>Sous certaines conditions, l\u2019\u00a0\u00ab\u00a0actionnaire mod\u00e8le\u00a0\u00bb est l\u00e9gitim\u00e9 \u00e0 faire b\u00e9n\u00e9ficier d\u2019autres actionnaires de son action<\/p><p>Trois \u00e9tudes d\u2019avocats genevoises, en collaboration avec une \u00e9tude zurichoise, ont port\u00e9 action devant le Tribunal de commerce de Zurich.<\/p>\t\t\t\t\t\t<\/div>\n\t\t\t\t<\/div>\n\t\t\t\t\t<\/div>\n\t\t<\/div>\n\t\t\t\t<div class=\"elementor-column elementor-col-33 elementor-top-column elementor-element elementor-element-7b14584\" data-id=\"7b14584\" data-element_type=\"column\">\n\t\t\t<div class=\"elementor-widget-wrap elementor-element-populated\">\n\t\t\t\t\t\t\t\t<div class=\"elementor-element elementor-element-9bf0bbf elementor-widget elementor-widget-text-editor\" data-id=\"9bf0bbf\" data-element_type=\"widget\" data-widget_type=\"text-editor.default\">\n\t\t\t\t<div class=\"elementor-widget-container\">\n\t\t\t\t\t\t\t<p>Pour r\u00e9pondre \u00e0 une forte demande d\u2019(ex) actionnaires du Credit Suisse qui ne participeraient pas encore \u00e0 une telle op\u00e9ration, l\u2019ASDA a d\u00e9cid\u00e9 d\u2019ouvrir \u00e0 d\u2019autres actionnaires la possibilit\u00e9 de rejoindre cette action.<\/p>\t\t\t\t\t\t<\/div>\n\t\t\t\t<\/div>\n\t\t\t\t\t<\/div>\n\t\t<\/div>\n\t\t\t\t\t\t\t<\/div>\n\t\t<\/section>\n\t\t\t\t<section class=\"elementor-section elementor-top-section elementor-element elementor-element-60412a0 elementor-section-height-min-height elementor-section-boxed elementor-section-height-default elementor-section-items-middle\" data-id=\"60412a0\" data-element_type=\"section\" data-settings=\"{&quot;background_background&quot;:&quot;classic&quot;}\">\n\t\t\t\t\t\t\t<div class=\"elementor-background-overlay\"><\/div>\n\t\t\t\t\t\t\t<div class=\"elementor-container elementor-column-gap-default\">\n\t\t\t\t\t<div class=\"elementor-column elementor-col-50 elementor-top-column elementor-element elementor-element-566a1aa\" data-id=\"566a1aa\" data-element_type=\"column\" data-settings=\"{&quot;background_background&quot;:&quot;classic&quot;}\">\n\t\t\t<div class=\"elementor-widget-wrap elementor-element-populated\">\n\t\t\t\t\t\t\t\t<div class=\"elementor-element elementor-element-0bc19f7 elementor-widget elementor-widget-heading\" data-id=\"0bc19f7\" data-element_type=\"widget\" data-widget_type=\"heading.default\">\n\t\t\t\t<div class=\"elementor-widget-container\">\n\t\t\t<h2 class=\"elementor-heading-title elementor-size-default\">Conditions financi\u00e8res de participation\n<\/h2>\t\t<\/div>\n\t\t\t\t<\/div>\n\t\t\t\t\t<\/div>\n\t\t<\/div>\n\t\t\t\t<div class=\"elementor-column elementor-col-50 elementor-top-column elementor-element elementor-element-8f8693e\" data-id=\"8f8693e\" data-element_type=\"column\">\n\t\t\t<div class=\"elementor-widget-wrap elementor-element-populated\">\n\t\t\t\t\t\t\t\t<div class=\"elementor-element elementor-element-2698342 elementor-widget elementor-widget-heading\" data-id=\"2698342\" data-element_type=\"widget\" data-settings=\"{&quot;motion_fx_motion_fx_scrolling&quot;:&quot;yes&quot;,&quot;motion_fx_devices&quot;:[&quot;desktop&quot;,&quot;tablet&quot;,&quot;mobile&quot;]}\" data-widget_type=\"heading.default\">\n\t\t\t\t<div class=\"elementor-widget-container\">\n\t\t\t<h2 class=\"elementor-heading-title elementor-size-default\">Pour participer \u00e0 l\u2019action, vous deviez <strong>d\u00e9tenir<\/strong>&nbsp;des actions ordinaires du Credit Suisse (ISIN CH0012138530) ou des American Depositary Shares du Cr\u00e9dit Suisse (ADS, ISIN US2254011081)&nbsp;<strong>au moment de la cl\u00f4ture de la bourse suisse, avant la d\u00e9cision de fusion, soit le 17 mars 2023 \u00e0 17h30.<\/strong><\/h2>\t\t<\/div>\n\t\t\t\t<\/div>\n\t\t\t\t\t<\/div>\n\t\t<\/div>\n\t\t\t\t\t\t\t<\/div>\n\t\t<\/section>\n\t\t\t\t<section class=\"elementor-section elementor-top-section elementor-element elementor-element-cf55c34 elementor-section-boxed elementor-section-height-default elementor-section-height-default\" data-id=\"cf55c34\" data-element_type=\"section\">\n\t\t\t\t\t\t<div class=\"elementor-container elementor-column-gap-default\">\n\t\t\t\t\t<div class=\"elementor-column elementor-col-100 elementor-top-column elementor-element elementor-element-eb1a991\" data-id=\"eb1a991\" data-element_type=\"column\" data-settings=\"{&quot;background_background&quot;:&quot;classic&quot;}\">\n\t\t\t<div class=\"elementor-widget-wrap elementor-element-populated\">\n\t\t\t\t\t\t\t\t<section class=\"elementor-section elementor-inner-section elementor-element elementor-element-22d62a0 elementor-section-boxed elementor-section-height-default elementor-section-height-default\" data-id=\"22d62a0\" data-element_type=\"section\">\n\t\t\t\t\t\t<div class=\"elementor-container elementor-column-gap-default\">\n\t\t\t\t\t<div class=\"elementor-column elementor-col-50 elementor-inner-column elementor-element elementor-element-29c029f\" data-id=\"29c029f\" data-element_type=\"column\">\n\t\t\t<div class=\"elementor-widget-wrap elementor-element-populated\">\n\t\t\t\t\t\t\t\t<div class=\"elementor-element elementor-element-be426eb elementor-widget elementor-widget-heading\" data-id=\"be426eb\" data-element_type=\"widget\" data-widget_type=\"heading.default\">\n\t\t\t\t<div class=\"elementor-widget-container\">\n\t\t\t<h3 class=\"elementor-heading-title elementor-size-default\">Variante 1<\/h3>\t\t<\/div>\n\t\t\t\t<\/div>\n\t\t\t\t<div class=\"elementor-element elementor-element-d853d89 elementor-widget elementor-widget-text-editor\" data-id=\"d853d89\" data-element_type=\"widget\" data-widget_type=\"text-editor.default\">\n\t\t\t\t<div class=\"elementor-widget-container\">\n\t\t\t\t\t\t\t<ul><li>CHF 190.- \u00e0 titre de participation aux frais administratifs\u00a0;<\/li><li>CHF 0,05 par actions Credit Suisse jusqu\u2019\u00e0 100&rsquo;000 actions (au-del\u00e0, il y a lieu de contacter l\u2019ASDA)\u00a0;<\/li><li>20% sur toute forme d\u2019indemnit\u00e9 ou de gain par action r\u00e9sultant des proc\u00e9dures ou n\u00e9gociations.<\/li><\/ul>\t\t\t\t\t\t<\/div>\n\t\t\t\t<\/div>\n\t\t\t\t\t<\/div>\n\t\t<\/div>\n\t\t\t\t<div class=\"elementor-column elementor-col-50 elementor-inner-column elementor-element elementor-element-d0fdf16\" data-id=\"d0fdf16\" data-element_type=\"column\">\n\t\t\t<div class=\"elementor-widget-wrap elementor-element-populated\">\n\t\t\t\t\t\t\t\t<div class=\"elementor-element elementor-element-db9957a elementor-widget elementor-widget-heading\" data-id=\"db9957a\" data-element_type=\"widget\" data-widget_type=\"heading.default\">\n\t\t\t\t<div class=\"elementor-widget-container\">\n\t\t\t<h3 class=\"elementor-heading-title elementor-size-default\">Variante 2<\/h3>\t\t<\/div>\n\t\t\t\t<\/div>\n\t\t\t\t<div class=\"elementor-element elementor-element-e597cee elementor-widget elementor-widget-text-editor\" data-id=\"e597cee\" data-element_type=\"widget\" data-widget_type=\"text-editor.default\">\n\t\t\t\t<div class=\"elementor-widget-container\">\n\t\t\t\t\t\t\t<ul><li>CHF 80.- \u00e0 titre de participation aux frais administratifs ;<\/li><li>35% sur toute forme d\u2019indemnit\u00e9 ou de gain par action r\u00e9sultant des proc\u00e9dures ou n\u00e9gociations.<\/li><\/ul>\t\t\t\t\t\t<\/div>\n\t\t\t\t<\/div>\n\t\t\t\t\t<\/div>\n\t\t<\/div>\n\t\t\t\t\t\t\t<\/div>\n\t\t<\/section>\n\t\t\t\t<div class=\"elementor-element elementor-element-5aa9f18 elementor-align-center elementor-tablet-align-center elementor-widget elementor-widget-button\" data-id=\"5aa9f18\" data-element_type=\"widget\" data-widget_type=\"button.default\">\n\t\t\t\t<div class=\"elementor-widget-container\">\n\t\t\t\t\t<div class=\"elementor-button-wrapper\">\n\t\t\t<a class=\"elementor-button elementor-button-link elementor-size-sm\" href=\"https:\/\/asda-swiss.ch\/participer-action\/\">\n\t\t\t\t\t\t<span class=\"elementor-button-content-wrapper\">\n\t\t\t\t\t\t<span class=\"elementor-button-icon elementor-align-icon-left\">\n\t\t\t\t<i aria-hidden=\"true\" class=\"fas fa-long-arrow-alt-right\"><\/i>\t\t\t<\/span>\n\t\t\t\t\t\t<span class=\"elementor-button-text\">Participez \u00e0 l'action<\/span>\n\t\t<\/span>\n\t\t\t\t\t<\/a>\n\t\t<\/div>\n\t\t\t\t<\/div>\n\t\t\t\t<\/div>\n\t\t\t\t\t<\/div>\n\t\t<\/div>\n\t\t\t\t\t\t\t<\/div>\n\t\t<\/section>\n\t\t\t\t<section class=\"elementor-section elementor-top-section elementor-element elementor-element-dc03641 elementor-section-boxed elementor-section-height-default elementor-section-height-default elementor-invisible\" data-id=\"dc03641\" data-element_type=\"section\" data-settings=\"{&quot;animation&quot;:&quot;fadeInUp&quot;}\">\n\t\t\t\t\t\t<div class=\"elementor-container elementor-column-gap-default\">\n\t\t\t\t\t<div class=\"elementor-column elementor-col-100 elementor-top-column elementor-element elementor-element-a8425ab\" data-id=\"a8425ab\" data-element_type=\"column\">\n\t\t\t<div class=\"elementor-widget-wrap elementor-element-populated\">\n\t\t\t\t\t\t\t\t<div class=\"elementor-element elementor-element-5c7c086 elementor-widget elementor-widget-image\" data-id=\"5c7c086\" data-element_type=\"widget\" data-widget_type=\"image.default\">\n\t\t\t\t<div class=\"elementor-widget-container\">\n\t\t\t\t\t\t\t\t\t\t\t\t\t\t\t<img loading=\"lazy\" decoding=\"async\" width=\"1536\" height=\"1093\" src=\"https:\/\/asda-swiss.ch\/wp-content\/uploads\/graphique@2x-1536x1093.png\" class=\"attachment-1536x1536 size-1536x1536 wp-image-198\" alt=\"\" srcset=\"https:\/\/asda-swiss.ch\/wp-content\/uploads\/graphique@2x-1536x1093.png 1536w, https:\/\/asda-swiss.ch\/wp-content\/uploads\/graphique@2x-300x214.png 300w, https:\/\/asda-swiss.ch\/wp-content\/uploads\/graphique@2x-1024x729.png 1024w, https:\/\/asda-swiss.ch\/wp-content\/uploads\/graphique@2x-768x547.png 768w, https:\/\/asda-swiss.ch\/wp-content\/uploads\/graphique@2x-2048x1458.png 2048w\" sizes=\"auto, (max-width: 1536px) 100vw, 1536px\" \/>\t\t\t\t\t\t\t\t\t\t\t\t\t\t\t<\/div>\n\t\t\t\t<\/div>\n\t\t\t\t\t<\/div>\n\t\t<\/div>\n\t\t\t\t\t\t\t<\/div>\n\t\t<\/section>\n\t\t\t\t\t\t\t<\/div>\n\t\t","protected":false},"excerpt":{"rendered":"<p>Action Credit Suisse Art. 105 de la loi f\u00e9d\u00e9rale sur les fusions Pour cette action, les frais de justice sont calcul\u00e9s sur l\u2019entier du capital-actions de la soci\u00e9t\u00e9 absorb\u00e9e. Dans notre cas\u00a0: entre 3\u00a0milliards de francs suisses au minimum et 30\u00a0milliards de francs suisses au maximum. Sauf pour quelques actionnaires tr\u00e8s fortun\u00e9s, ces frais, major\u00e9s [&hellip;]<\/p>\n","protected":false},"author":1,"featured_media":0,"parent":0,"menu_order":0,"comment_status":"closed","ping_status":"closed","template":"elementor_header_footer","meta":{"footnotes":""},"folder":[12],"class_list":["post-191","page","type-page","status-publish","hentry"],"_links":{"self":[{"href":"https:\/\/asda-swiss.ch\/fr\/wp-json\/wp\/v2\/pages\/191","targetHints":{"allow":["GET"]}}],"collection":[{"href":"https:\/\/asda-swiss.ch\/fr\/wp-json\/wp\/v2\/pages"}],"about":[{"href":"https:\/\/asda-swiss.ch\/fr\/wp-json\/wp\/v2\/types\/page"}],"author":[{"embeddable":true,"href":"https:\/\/asda-swiss.ch\/fr\/wp-json\/wp\/v2\/users\/1"}],"replies":[{"embeddable":true,"href":"https:\/\/asda-swiss.ch\/fr\/wp-json\/wp\/v2\/comments?post=191"}],"version-history":[{"count":52,"href":"https:\/\/asda-swiss.ch\/fr\/wp-json\/wp\/v2\/pages\/191\/revisions"}],"predecessor-version":[{"id":999,"href":"https:\/\/asda-swiss.ch\/fr\/wp-json\/wp\/v2\/pages\/191\/revisions\/999"}],"wp:attachment":[{"href":"https:\/\/asda-swiss.ch\/fr\/wp-json\/wp\/v2\/media?parent=191"}],"wp:term":[{"taxonomy":"folder","embeddable":true,"href":"https:\/\/asda-swiss.ch\/fr\/wp-json\/wp\/v2\/folder?post=191"}],"curies":[{"name":"wp","href":"https:\/\/api.w.org\/{rel}","templated":true}]}}